{"id":1133,"date":"2024-12-23T09:40:32","date_gmt":"2024-12-23T09:40:32","guid":{"rendered":"https:\/\/horizon.evolvestudio.de\/news-ed-eventi\/"},"modified":"2025-03-04T13:52:45","modified_gmt":"2025-03-04T13:52:45","slug":"news-and-events","status":"publish","type":"page","link":"https:\/\/www.it.horizoncons.com\/en\/news-and-events\/","title":{"rendered":"News &amp; Events"},"content":{"rendered":"\t\t<div data-elementor-type=\"wp-page\" data-elementor-id=\"1133\" class=\"elementor elementor-1133 elementor-40\" data-elementor-post-type=\"page\">\n\t\t\t\t<div class=\"elementor-element elementor-element-5189fcc e-flex e-con-boxed e-con e-parent\" data-id=\"5189fcc\" data-element_type=\"container\" data-settings=\"{&quot;background_background&quot;:&quot;classic&quot;}\">\n\t\t\t\t\t<div class=\"e-con-inner\">\n\t\t\t\t<div class=\"elementor-element elementor-element-83aee54 elementor-widget elementor-widget-heading\" data-id=\"83aee54\" data-element_type=\"widget\" data-widget_type=\"heading.default\">\n\t\t\t\t<div class=\"elementor-widget-container\">\n\t\t\t\t\t<h2 class=\"elementor-heading-title elementor-size-default\">News &amp; Events<\/h2>\t\t\t\t<\/div>\n\t\t\t\t<\/div>\n\t\t\t\t<div class=\"elementor-element elementor-element-632a26d elementor-align-left elementor-widget elementor-widget-breadcrumbs\" data-id=\"632a26d\" data-element_type=\"widget\" data-widget_type=\"breadcrumbs.default\">\n\t\t\t\t<div class=\"elementor-widget-container\">\n\t\t\t\t\t<p id=\"breadcrumbs\"><span><span><a href=\"https:\/\/www.it.horizoncons.com\/en\/\">Home<\/a><\/span><\/span><\/p>\t\t\t\t<\/div>\n\t\t\t\t<\/div>\n\t\t\t\t\t<\/div>\n\t\t\t\t<\/div>\n\t\t<div class=\"elementor-element elementor-element-7ca4cff e-flex e-con-boxed e-con e-parent\" data-id=\"7ca4cff\" data-element_type=\"container\" data-settings=\"{&quot;background_background&quot;:&quot;classic&quot;}\">\n\t\t\t\t\t<div class=\"e-con-inner\">\n\t\t<div class=\"elementor-element elementor-element-f9e5101 e-con-full e-flex e-con e-child\" data-id=\"f9e5101\" data-element_type=\"container\">\n\t\t\t\t<div class=\"elementor-element elementor-element-2d2317f elementor-widget elementor-widget-shortcode\" data-id=\"2d2317f\" data-element_type=\"widget\" data-widget_type=\"shortcode.default\">\n\t\t\t\t<div class=\"elementor-widget-container\">\n\t\t\t\t\t\t\t<div class=\"elementor-shortcode\"><div class=\"custom-posts-wrapper\">\n            <div class=\"custom-post-item\">\n                <div class=\"post-image\">\n                    <img decoding=\"async\" src=\"https:\/\/www.it.horizoncons.com\/wp-content\/uploads\/2025\/03\/IRES.jpg\" alt=\"20% Rewarded IRES: A Not-to-Be-Missed Opportunity for 2025!\" \/>\n                <\/div>\n                <div class=\"post-content\">\n                    <span class=\"post-date\">18 March 2025<\/span>\n                    <h3 class=\"post-title\">20% Rewarded IRES: A Not-to-Be-Missed Opportunity for 2025!<\/h3>\n                    <p class=\"post-excerpt\">The year 2025 brings a valuable opportunity for capital companies and commercial entities operating in Italy: a reduced 20% IRES rate instead of the usual 24%. However, to qualify for this tax benefit, businesses must meet five key conditions. Among the most important: \u2705 Allocation of 80% of the 2024 profit to a dedicated reserve.\u2705 [&hellip;]<\/p>\n                    <a href=\"https:\/\/www.it.horizoncons.com\/en\/20-rewarded-ires-opportunity-2025-2\/\" class=\"read-more\">\n                        Leggi di pi\u00f9 <img decoding=\"async\" src=\"\/wp-content\/uploads\/2024\/12\/Raggruppa-1.svg\"\/>\n                    <\/a>\n                <\/div>\n            <\/div>\n            <div class=\"custom-post-item\">\n                <div class=\"post-image\">\n                    <img decoding=\"async\" src=\"https:\/\/www.it.horizoncons.com\/wp-content\/uploads\/2025\/03\/Fiscalita-internazionale.jpg\" alt=\"International taxation and tax credit: the clarification of the Court of Cassation\" \/>\n                <\/div>\n                <div class=\"post-content\">\n                    <span class=\"post-date\">14 March 2025<\/span>\n                    <h3 class=\"post-title\">International taxation and tax credit: the clarification of the Court of Cassation<\/h3>\n                    <p class=\"post-excerpt\">The Italian Supreme Court has recently reaffirmed a key tax principle: the foreign income tax credit is granted only if such income is actually subject to taxation in Italy. This means that if an income is exempt from taxation under an international double taxation treaty, the taxpayer cannot claim the tax credit. The clarification provided [&hellip;]<\/p>\n                    <a href=\"https:\/\/www.it.horizoncons.com\/en\/international-taxation-tax-credit-clarification-cassation\/\" class=\"read-more\">\n                        Leggi di pi\u00f9 <img decoding=\"async\" src=\"\/wp-content\/uploads\/2024\/12\/Raggruppa-1.svg\"\/>\n                    <\/a>\n                <\/div>\n            <\/div>\n            <div class=\"custom-post-item\">\n                <div class=\"post-image\">\n                    <img decoding=\"async\" src=\"https:\/\/www.it.horizoncons.com\/wp-content\/uploads\/2025\/03\/International-Education-Camp.jpg\" alt=\"Horizon Consulting Italia alongside International Education Camp\" \/>\n                <\/div>\n                <div class=\"post-content\">\n                    <span class=\"post-date\">13 March 2025<\/span>\n                    <h3 class=\"post-title\">Horizon Consulting Italia alongside International Education Camp<\/h3>\n                    <p class=\"post-excerpt\">Horizon Consulting Italia has recently and successfully supported the establishment of the Italian branch of International Education Camp, a dynamic and innovative organization that promotes language learning through immersive and educational experiences. We had the pleasure of collaborating with the founders, Tom Johnson and Joel Rosenblatt, two professionals with a clear and ambitious vision: making [&hellip;]<\/p>\n                    <a href=\"https:\/\/www.it.horizoncons.com\/en\/horizon-consulting-italia-alongside-international-education-camp-2\/\" class=\"read-more\">\n                        Leggi di pi\u00f9 <img decoding=\"async\" src=\"\/wp-content\/uploads\/2024\/12\/Raggruppa-1.svg\"\/>\n                    <\/a>\n                <\/div>\n            <\/div>\n            <div class=\"custom-post-item\">\n                <div class=\"post-image\">\n                    <img decoding=\"async\" src=\"https:\/\/www.it.horizoncons.com\/wp-content\/uploads\/2025\/03\/Principio-di-Effettiva-estero.jpg\" alt=\"The Principle of Effective Taxation Abroad\" \/>\n                <\/div>\n                <div class=\"post-content\">\n                    <span class=\"post-date\">11 March 2025<\/span>\n                    <h3 class=\"post-title\">The Principle of Effective Taxation Abroad<\/h3>\n                    <p class=\"post-excerpt\">The Court of Cassation has reaffirmed a fundamental principle regarding tax credits: they can only be granted for foreign taxes that have been effectively due and paid. This means that tax credits cannot be claimed for potential or theoretical taxes but only for those actually collected by the foreign state. The decision aims to ensure [&hellip;]<\/p>\n                    <a href=\"https:\/\/www.it.horizoncons.com\/en\/principle-effective-taxation-abroad\/\" class=\"read-more\">\n                        Leggi di pi\u00f9 <img decoding=\"async\" src=\"\/wp-content\/uploads\/2024\/12\/Raggruppa-1.svg\"\/>\n                    <\/a>\n                <\/div>\n            <\/div><div class=\"custom-pagination\"><span aria-current=\"page\" class=\"page-numbers current\">1<\/span>\n<a class=\"page-numbers\" href=\"https:\/\/www.it.horizoncons.com\/en\/wp-json\/wp\/v2\/pages\/1133\/page\/2\/\">2<\/a>\n<a class=\"page-numbers\" href=\"https:\/\/www.it.horizoncons.com\/en\/wp-json\/wp\/v2\/pages\/1133\/page\/3\/\">3<\/a>\n<a class=\"next page-numbers\" href=\"https:\/\/www.it.horizoncons.com\/en\/wp-json\/wp\/v2\/pages\/1133\/page\/2\/\">\u00bb<\/a><\/div><\/div><\/div>\n\t\t\t\t\t\t<\/div>\n\t\t\t\t<\/div>\n\t\t\t\t<\/div>\n\t\t<div class=\"elementor-element elementor-element-6217817 e-con-full bottom-sidebar e-flex e-con e-child\" data-id=\"6217817\" data-element_type=\"container\">\n\t\t<div class=\"elementor-element elementor-element-74b0faf e-con-full e-flex e-con e-child\" data-id=\"74b0faf\" data-element_type=\"container\" data-settings=\"{&quot;background_background&quot;:&quot;classic&quot;}\">\n\t\t\t\t<div class=\"elementor-element elementor-element-b4d557c elementor-position-left above-news elementor-vertical-align-top elementor-widget elementor-widget-image-box\" data-id=\"b4d557c\" data-element_type=\"widget\" data-widget_type=\"image-box.default\">\n\t\t\t\t<div class=\"elementor-widget-container\">\n\t\t\t\t\t<div class=\"elementor-image-box-wrapper\"><figure class=\"elementor-image-box-img\"><img decoding=\"async\" width=\"285\" height=\"86\" src=\"https:\/\/www.it.horizoncons.com\/wp-content\/uploads\/2024\/12\/Immagine-12.png\" class=\"attachment-full size-full wp-image-566\" alt=\"\" \/><\/figure><div class=\"elementor-image-box-content\"><h3 class=\"elementor-image-box-title\">News<\/h3><\/div><\/div>\t\t\t\t<\/div>\n\t\t\t\t<\/div>\n\t\t\t\t<div class=\"elementor-element elementor-element-c18bfa0 elementor-widget elementor-widget-shortcode\" data-id=\"c18bfa0\" data-element_type=\"widget\" data-widget_type=\"shortcode.default\">\n\t\t\t\t<div class=\"elementor-widget-container\">\n\t\t\t\t\t\t\t<div class=\"elementor-shortcode\"><div class=\"json-posts\"><div class=\"json-post\">        <div class=\"json-image\">\n        <img decoding=\"async\" src=\"https:\/\/www.pigrecosrl.it\/wp-content\/uploads\/2026\/03\/rating-legalita_pigreco-300x170.jpg\" alt=\"RATING DI LEGALIT\u00c0: cos\u2019\u00e8, come funziona e perch\u00e9 \u00e8 strategico per accedere alle agevolazioni\" \/><\/div><div class=\"json-content\"><p><small>23 Marzo 2026<\/small><\/p><h3>RATING DI LEGALIT\u00c0: cos\u2019\u00e8, come funziona e perch\u00e9 \u00e8 strategico per accedere alle agevolazioni<\/h3><a href=\"https:\/\/www.pigrecosrl.it\/rating-di-legalita-cose-come-funziona-e-perche-e-strategico-per-accedere-alle-agevolazioni\/\" target=\"_blank\">Read more <img decoding=\"async\" src=\"\/wp-content\/uploads\/2024\/12\/Raggruppa-1.svg\"\/><\/a><\/div><\/div><div class=\"json-post\">        <div class=\"json-image\">\n        <img decoding=\"async\" src=\"https:\/\/www.pigrecosrl.it\/wp-content\/uploads\/2026\/03\/conto-termico_pigreco_articolo-300x170.jpg\" alt=\"CONTO TERMICO 3.0 SOSPESO: il GSE blocca il portale per l\u2019invio delle domande\" \/><\/div><div class=\"json-content\"><p><small>12 Marzo 2026<\/small><\/p><h3>CONTO TERMICO 3.0 SOSPESO: il GSE blocca il portale per l\u2019invio delle domande<\/h3><a href=\"https:\/\/www.pigrecosrl.it\/conto-termico-3-0-sospeso-il-gse-blocca-il-portale-per-linvio-delle-domande\/\" target=\"_blank\">Read more <img decoding=\"async\" src=\"\/wp-content\/uploads\/2024\/12\/Raggruppa-1.svg\"\/><\/a><\/div><\/div><div class=\"json-post\">        <div class=\"json-image\">\n        <img decoding=\"async\" src=\"https:\/\/www.pigrecosrl.it\/wp-content\/uploads\/2026\/03\/investimenti-in-starttup_pigreco_articolo-300x170.jpg\" alt=\"INVESTIMENTI IN STARTUP: credito d\u2019imposta disponibile anche per i forfettari\" \/><\/div><div class=\"json-content\"><p><small>12 Febbraio 2026<\/small><\/p><h3>INVESTIMENTI IN STARTUP: credito d\u2019imposta disponibile anche per i forfettari<\/h3><a href=\"https:\/\/www.pigrecosrl.it\/investimenti-in-startup-credito-dimposta-disponibile-anche-per-i-forfettari\/\" target=\"_blank\">Read more <img decoding=\"async\" src=\"\/wp-content\/uploads\/2024\/12\/Raggruppa-1.svg\"\/><\/a><\/div><\/div><div class=\"json-post\">        <div class=\"json-image\">\n        <img decoding=\"async\" src=\"https:\/\/www.pigrecosrl.it\/wp-content\/uploads\/2025\/12\/Conto-Termico-3.0_Pigreco_2-e1766399507662-300x170.jpg\" alt=\"CONTO TERMICO 3.0: guida ai nuovi incentivi GSE per efficienza energetica e rinnovabili\" \/><\/div><div class=\"json-content\"><p><small>22 Dicembre 2025<\/small><\/p><h3>CONTO TERMICO 3.0: guida ai nuovi incentivi GSE per efficienza energetica e rinnovabili<\/h3><a href=\"https:\/\/www.pigrecosrl.it\/conto-termico-3-0-guida-ai-nuovi-incentivi-gse-per-efficienza-energetica-e-rinnovabili\/\" target=\"_blank\">Read more <img decoding=\"async\" src=\"\/wp-content\/uploads\/2024\/12\/Raggruppa-1.svg\"\/><\/a><\/div><\/div><\/div><\/div>\n\t\t\t\t\t\t<\/div>\n\t\t\t\t<\/div>\n\t\t\t\t<div class=\"elementor-element elementor-element-16fd0ec button-icon white elementor-align-right elementor-widget__width-auto elementor-tablet-align-left elementor-mobile-align-center elementor-widget elementor-widget-button\" data-id=\"16fd0ec\" data-element_type=\"widget\" data-widget_type=\"button.default\">\n\t\t\t\t<div class=\"elementor-widget-container\">\n\t\t\t\t\t\t\t\t\t<div class=\"elementor-button-wrapper\">\n\t\t\t\t\t<a class=\"elementor-button elementor-button-link elementor-size-sm\" href=\"#\">\n\t\t\t\t\t\t<span class=\"elementor-button-content-wrapper\">\n\t\t\t\t\t\t<span class=\"elementor-button-icon\">\n\t\t\t\t<svg xmlns=\"http:\/\/www.w3.org\/2000\/svg\" width=\"30.889\" height=\"9.537\" viewBox=\"0 0 30.889 9.537\"><g id=\"Raggruppa_1\" data-name=\"Raggruppa 1\" transform=\"translate(2146.268 -521.732)\"><line id=\"Linea_2\" data-name=\"Linea 2\" x2=\"4.415\" y2=\"4.415\" transform=\"translate(-2120.147 522.085)\" fill=\"none\" stroke=\"#121c27\" stroke-width=\"1\"><\/line><line id=\"Linea_3\" data-name=\"Linea 3\" x1=\"4.415\" y2=\"4.415\" transform=\"translate(-2120.147 526.5)\" fill=\"none\" stroke=\"#121c27\" stroke-width=\"1\"><\/line><line id=\"Linea_4\" data-name=\"Linea 4\" x2=\"30.535\" transform=\"translate(-2146.268 526.5)\" fill=\"none\" stroke=\"#121c27\" stroke-width=\"1\"><\/line><\/g><\/svg>\t\t\t<\/span>\n\t\t\t\t\t\t\t\t\t<span class=\"elementor-button-text\">Leggi tutti<\/span>\n\t\t\t\t\t<\/span>\n\t\t\t\t\t<\/a>\n\t\t\t\t<\/div>\n\t\t\t\t\t\t\t\t<\/div>\n\t\t\t\t<\/div>\n\t\t\t\t<\/div>\n\t\t\t\t<\/div>\n\t\t\t\t\t<\/div>\n\t\t\t\t<\/div>\n\t\t<div class=\"elementor-element elementor-element-4ad13a4 e-flex e-con-boxed e-con e-parent\" data-id=\"4ad13a4\" data-element_type=\"container\" data-settings=\"{&quot;background_background&quot;:&quot;classic&quot;}\">\n\t\t\t\t\t<div class=\"e-con-inner\">\n\t\t\t\t<div class=\"elementor-element elementor-element-45b11ac elementor-widget elementor-widget-html\" data-id=\"45b11ac\" data-element_type=\"widget\" data-widget_type=\"html.default\">\n\t\t\t\t<div class=\"elementor-widget-container\">\n\t\t\t\t\t<script src=\"https:\/\/static.elfsight.com\/platform\/platform.js\" async><\/script>\r\n<div class=\"elfsight-app-d0ff78d4-4f4f-47a8-b0ff-780fcb74b0af\" data-elfsight-app-lazy><\/div>\t\t\t\t<\/div>\n\t\t\t\t<\/div>\n\t\t\t\t\t<\/div>\n\t\t\t\t<\/div>\n\t\t\t\t<\/div>\n\t\t","protected":false},"excerpt":{"rendered":"<p>News &amp; Events News Leggi tutti<\/p>\n","protected":false},"author":7,"featured_media":0,"parent":0,"menu_order":0,"comment_status":"closed","ping_status":"closed","template":"elementor_header_footer","meta":{"footnotes":""},"class_list":["post-1133","page","type-page","status-publish","hentry"],"acf":[],"yoast_head":"<!-- This site is optimized with the Yoast SEO plugin v24.1 - https:\/\/yoast.com\/wordpress\/plugins\/seo\/ -->\n<title>News &amp; Events - Horizon Consulting<\/title>\n<meta name=\"robots\" content=\"index, follow, max-snippet:-1, max-image-preview:large, max-video-preview:-1\" \/>\n<link rel=\"canonical\" href=\"https:\/\/www.it.horizoncons.com\/en\/news-and-events\/\" \/>\n<meta property=\"og:locale\" content=\"en_US\" \/>\n<meta property=\"og:type\" content=\"article\" \/>\n<meta property=\"og:title\" content=\"News &amp; Events - Horizon Consulting\" \/>\n<meta property=\"og:description\" content=\"News &amp; Events News Leggi tutti\" \/>\n<meta property=\"og:url\" content=\"https:\/\/www.it.horizoncons.com\/en\/news-and-events\/\" \/>\n<meta property=\"og:site_name\" content=\"Horizon Consulting\" \/>\n<meta property=\"article:modified_time\" content=\"2025-03-04T13:52:45+00:00\" \/>\n<meta property=\"og:image\" content=\"https:\/\/www.it.horizoncons.com\/wp-content\/uploads\/2024\/12\/Immagine-12.png\" \/>\n\t<meta property=\"og:image:width\" content=\"285\" \/>\n\t<meta property=\"og:image:height\" content=\"86\" \/>\n\t<meta property=\"og:image:type\" content=\"image\/png\" \/>\n<meta name=\"twitter:card\" content=\"summary_large_image\" \/>\n<meta name=\"twitter:label1\" content=\"Est. reading time\" \/>\n\t<meta name=\"twitter:data1\" content=\"3 minutes\" \/>\n<script type=\"application\/ld+json\" class=\"yoast-schema-graph\">{\"@context\":\"https:\/\/schema.org\",\"@graph\":[{\"@type\":\"WebPage\",\"@id\":\"https:\/\/www.it.horizoncons.com\/en\/news-and-events\/\",\"url\":\"https:\/\/www.it.horizoncons.com\/en\/news-and-events\/\",\"name\":\"News &amp; Events - Horizon Consulting\",\"isPartOf\":{\"@id\":\"https:\/\/www.it.horizoncons.com\/en\/#website\"},\"primaryImageOfPage\":{\"@id\":\"https:\/\/www.it.horizoncons.com\/en\/news-and-events\/#primaryimage\"},\"image\":{\"@id\":\"https:\/\/www.it.horizoncons.com\/en\/news-and-events\/#primaryimage\"},\"thumbnailUrl\":\"https:\/\/www.it.horizoncons.com\/wp-content\/uploads\/2024\/12\/Immagine-12.png\",\"datePublished\":\"2024-12-23T09:40:32+00:00\",\"dateModified\":\"2025-03-04T13:52:45+00:00\",\"breadcrumb\":{\"@id\":\"https:\/\/www.it.horizoncons.com\/en\/news-and-events\/#breadcrumb\"},\"inLanguage\":\"en-US\",\"potentialAction\":[{\"@type\":\"ReadAction\",\"target\":[\"https:\/\/www.it.horizoncons.com\/en\/news-and-events\/\"]}]},{\"@type\":\"ImageObject\",\"inLanguage\":\"en-US\",\"@id\":\"https:\/\/www.it.horizoncons.com\/en\/news-and-events\/#primaryimage\",\"url\":\"https:\/\/www.it.horizoncons.com\/wp-content\/uploads\/2024\/12\/Immagine-12.png\",\"contentUrl\":\"https:\/\/www.it.horizoncons.com\/wp-content\/uploads\/2024\/12\/Immagine-12.png\"},{\"@type\":\"BreadcrumbList\",\"@id\":\"https:\/\/www.it.horizoncons.com\/en\/news-and-events\/#breadcrumb\",\"itemListElement\":[{\"@type\":\"ListItem\",\"position\":1,\"name\":\"Home\",\"item\":\"https:\/\/www.it.horizoncons.com\/en\/\"},{\"@type\":\"ListItem\",\"position\":2,\"name\":\"News &amp; Events\"}]},{\"@type\":\"WebSite\",\"@id\":\"https:\/\/www.it.horizoncons.com\/en\/#website\",\"url\":\"https:\/\/www.it.horizoncons.com\/en\/\",\"name\":\"Horizon Consulting\",\"description\":\"\",\"potentialAction\":[{\"@type\":\"SearchAction\",\"target\":{\"@type\":\"EntryPoint\",\"urlTemplate\":\"https:\/\/www.it.horizoncons.com\/en\/?s={search_term_string}\"},\"query-input\":{\"@type\":\"PropertyValueSpecification\",\"valueRequired\":true,\"valueName\":\"search_term_string\"}}],\"inLanguage\":\"en-US\"}]}<\/script>\n<!-- \/ Yoast SEO plugin. -->","yoast_head_json":{"title":"News &amp; Events - Horizon Consulting","robots":{"index":"index","follow":"follow","max-snippet":"max-snippet:-1","max-image-preview":"max-image-preview:large","max-video-preview":"max-video-preview:-1"},"canonical":"https:\/\/www.it.horizoncons.com\/en\/news-and-events\/","og_locale":"en_US","og_type":"article","og_title":"News &amp; Events - Horizon Consulting","og_description":"News &amp; Events News Leggi tutti","og_url":"https:\/\/www.it.horizoncons.com\/en\/news-and-events\/","og_site_name":"Horizon Consulting","article_modified_time":"2025-03-04T13:52:45+00:00","og_image":[{"width":285,"height":86,"url":"https:\/\/www.it.horizoncons.com\/wp-content\/uploads\/2024\/12\/Immagine-12.png","type":"image\/png"}],"twitter_card":"summary_large_image","twitter_misc":{"Est. reading time":"3 minutes"},"schema":{"@context":"https:\/\/schema.org","@graph":[{"@type":"WebPage","@id":"https:\/\/www.it.horizoncons.com\/en\/news-and-events\/","url":"https:\/\/www.it.horizoncons.com\/en\/news-and-events\/","name":"News &amp; Events - Horizon Consulting","isPartOf":{"@id":"https:\/\/www.it.horizoncons.com\/en\/#website"},"primaryImageOfPage":{"@id":"https:\/\/www.it.horizoncons.com\/en\/news-and-events\/#primaryimage"},"image":{"@id":"https:\/\/www.it.horizoncons.com\/en\/news-and-events\/#primaryimage"},"thumbnailUrl":"https:\/\/www.it.horizoncons.com\/wp-content\/uploads\/2024\/12\/Immagine-12.png","datePublished":"2024-12-23T09:40:32+00:00","dateModified":"2025-03-04T13:52:45+00:00","breadcrumb":{"@id":"https:\/\/www.it.horizoncons.com\/en\/news-and-events\/#breadcrumb"},"inLanguage":"en-US","potentialAction":[{"@type":"ReadAction","target":["https:\/\/www.it.horizoncons.com\/en\/news-and-events\/"]}]},{"@type":"ImageObject","inLanguage":"en-US","@id":"https:\/\/www.it.horizoncons.com\/en\/news-and-events\/#primaryimage","url":"https:\/\/www.it.horizoncons.com\/wp-content\/uploads\/2024\/12\/Immagine-12.png","contentUrl":"https:\/\/www.it.horizoncons.com\/wp-content\/uploads\/2024\/12\/Immagine-12.png"},{"@type":"BreadcrumbList","@id":"https:\/\/www.it.horizoncons.com\/en\/news-and-events\/#breadcrumb","itemListElement":[{"@type":"ListItem","position":1,"name":"Home","item":"https:\/\/www.it.horizoncons.com\/en\/"},{"@type":"ListItem","position":2,"name":"News &amp; Events"}]},{"@type":"WebSite","@id":"https:\/\/www.it.horizoncons.com\/en\/#website","url":"https:\/\/www.it.horizoncons.com\/en\/","name":"Horizon Consulting","description":"","potentialAction":[{"@type":"SearchAction","target":{"@type":"EntryPoint","urlTemplate":"https:\/\/www.it.horizoncons.com\/en\/?s={search_term_string}"},"query-input":{"@type":"PropertyValueSpecification","valueRequired":true,"valueName":"search_term_string"}}],"inLanguage":"en-US"}]}},"_links":{"self":[{"href":"https:\/\/www.it.horizoncons.com\/en\/wp-json\/wp\/v2\/pages\/1133","targetHints":{"allow":["GET"]}}],"collection":[{"href":"https:\/\/www.it.horizoncons.com\/en\/wp-json\/wp\/v2\/pages"}],"about":[{"href":"https:\/\/www.it.horizoncons.com\/en\/wp-json\/wp\/v2\/types\/page"}],"author":[{"embeddable":true,"href":"https:\/\/www.it.horizoncons.com\/en\/wp-json\/wp\/v2\/users\/7"}],"replies":[{"embeddable":true,"href":"https:\/\/www.it.horizoncons.com\/en\/wp-json\/wp\/v2\/comments?post=1133"}],"version-history":[{"count":18,"href":"https:\/\/www.it.horizoncons.com\/en\/wp-json\/wp\/v2\/pages\/1133\/revisions"}],"predecessor-version":[{"id":1569,"href":"https:\/\/www.it.horizoncons.com\/en\/wp-json\/wp\/v2\/pages\/1133\/revisions\/1569"}],"wp:attachment":[{"href":"https:\/\/www.it.horizoncons.com\/en\/wp-json\/wp\/v2\/media?parent=1133"}],"curies":[{"name":"wp","href":"https:\/\/api.w.org\/{rel}","templated":true}]}}